{"id":12,"date":"2022-01-03T09:00:57","date_gmt":"2022-01-03T08:00:57","guid":{"rendered":"http:\/\/awolauc.cluster031.hosting.ovh.net\/index.php\/mesmerize\/"},"modified":"2022-03-06T17:54:52","modified_gmt":"2022-03-06T16:54:52","slug":"mesmerize","status":"publish","type":"page","link":"https:\/\/db2s.fr\/","title":{"rendered":"Front Page"},"content":{"rendered":"<div  id=\"overlappable-4\" style=\"background-color: #ffffff;\" data-label=\"Overlappable\" data-id=\"overlappable-4\" data-export-id=\"overlappable-4\" data-category=\"overlappable\" class=\"overlappable-4 content-section content-section-spacing\" data-overlap=\"true\"><div  class=\"\"> <div  data-type=\"row\" class=\"row spaced-cols text-center center-sm content-center-sm\">  <div  class=\"col-xs-12 col-sm-4 col-padding\"> <a data-cp-link=\"1\" href=\"#\" target=\"_self\" rel=\"noopener\"><i  class=\"fa icon shadow-large-black aligncenter color1 fa-snowflake-o reverse round large\"><\/i><\/a> <div  data-type=\"column\" class=\"\"> <h5  class=\"\">Bureau d\u2019\u00e9tudes<\/h5> <p  class=\"\">R\u00e9alisation des \u00e9tudes \u00e9lectriques sur vos chantiers CVC&nbsp; :\n<br ><br >\u2013 R\u00e9daction des analyses fonctionnelles\n<br >\u2013 Cr\u00e9ation des listes de points\n<br >\u2013 Conception des sch\u00e9mas \u00e9lectriques\n<br >\u2013 Pr\u00e9paration des consultations sous-traitants afin d\u2019encadrer la prestation et limiter les d\u00e9rives budg\u00e9taires\n<br >\u2013 Pr\u00e9patation des dossiers de mise au point<\/p><\/div> <\/div><div  class=\"col-xs-12 col-sm-4 col-padding\"> <i  class=\"fa icon shadow-large-black aligncenter color1 fa-building-o reverse round large\"><\/i> <div  data-type=\"column\" class=\"\"><h5  class=\"\">Suivi \/ R\u00e9alisation de Chantier<\/h5> <p  class=\"\">R\u00e9alisation des chantiers en \u00e9lectricit\u00e9 CVC :\n<br ><br >\u2013 Suivi des chantiers&nbsp;\n<br >\u2013 R\u00e9alisation des chantiers en collaboration avec des personnes comp\u00e9tentes.\n<br >\u2013 Accompagnement technique des responsables d\u2019affaires.<br ><br ><br >\n\n<\/p><\/div> <\/div><div  class=\"col-xs-12 col-sm-4 col-padding\"> <i  class=\"fa icon shadow-large-black aligncenter color1 fa-cogs reverse round large\"><\/i> <div  data-type=\"column\" class=\"\"> <h5  class=\"\">Mise au point<\/h5> <p  class=\"\">Mise au point des installations CVC :\n<br ><br >\u2013 Mise au point a\u00e9raulique<br >\u2013 Mise au point hydraulique<br >\u2013 Mise au point d\u00e9senfumage\n<br >\u2013 Claquage de points des armoires \u00e9lectriques\n<br >\u2013 D\u00e9pannage des armoires \u00e9lectriques\n<br >\u2013 Audit &amp; expertise des installations\n<\/p><\/div> <\/div><\/div> <\/div><\/div><div  id=\"content-13\" style=\"background-color: #f5fafd;\" data-label=\"Content\" data-id=\"content-2\" data-export-id=\"content-2\" data-category=\"content\" class=\"content-2 content-section content-section-spacing\"><div > <div  class=\"row middle-xs\"><div  class=\"col-sm-5 bg-image shadow-large-black\" data-bg=\"image\" style=\"background-image: url(&quot;https:\/\/db2s.fr\/wp-content\/uploads\/2022\/03\/cropped-cropped-20220306_094546-scaled-1-e1646582413903-2.jpg&quot;);\"><\/div> <div  class=\"col-sm-7 full-col-left-padding full-col-right-padding\"> <div  class=\"row\"> <div  data-type=\"column\" class=\"space-bottom-small content-title-col\"> <h5  class=\"\">Pr\u00e9sentation<\/h5> <h2  class=\"\">Damien Beaufils&nbsp;<\/h2> <p  class=\"\">Depuis 13 ans dans le domaine du CVC dont 11 ann\u00e9es au sein de la soci\u00e9t\u00e9 Crudeli, j\u2019ai d\u00e9cid\u00e9 de me lancer dans la cr\u00e9ation d\u2019entreprise afin d\u2019apporter \u00e0 mes clients un savoir faire.\n<br >J\u2019ai acquis au fil des ann\u00e9es et des personnes que j\u2019ai cotoy\u00e9 une certaine polyvalence dans le domaine de l\u2019\u00e9lectricit\u00e9 CVC notamment sur la partie \u00e9tudes, suivi et mise au point des installations.<br >Je pourrai vous accompagner pour vous conseiller, r\u00e9aliser vos \u00e9tudes dans leur globalit\u00e9 du d\u00e9but \u00e0 la fin et faire le suivi sur le chantier de vos sous-traitants \u00e9lectriciens toujours dans le but de vous d\u00e9charger afin de pouvoir vous concentrer sur des sujets plus \u00e9nergivores.\n<br >\n<br >Dans un but de toujours r\u00e9pondre \u00e0 vos attentes par le biais de mon partenaire je pourrai vous proposer une solution cl\u00e9 en main qui vous permettra de vous d\u00e9charger compl\u00e8tement de la partie \u00e9lectricit\u00e9\/r\u00e9gulation\/mise au point.<br ><br >Les certifications environnementales sont de plus en plus pr\u00e9sentes lors de la r\u00e9alisation des chantiers et les contraintes li\u00e9es \u00e0 ces certifications le sont \u00e9galement, la mise au point devient un acteur indispensable \u00e0 la r\u00e9alisation d\u2019un chantier, c\u2019est pour cette raison qu\u2019il ne faut pas la n\u00e9gliger qui plus est, elle est la derni\u00e8re trace que laisse l\u2019entreprise lorsqu\u2019elle livre le chantier et elle peut \u00eatre vectrice d\u2019une image n\u00e9gative. Travaillant pour vous, je m\u2019attacherai \u00e0 vous rendre une prestation de mise au point conforme \u00e0 vos attentes et celle du client final.<\/p><\/div> <\/div> <div  class=\"row spaced-cols \" data-type=\"row\">    <div  class=\"col-xs-6\" data-type=\"column\"> <\/div> <\/div><\/div> <\/div><\/div> <\/div><div  data-label=\"Contact\" data-id=\"contact--1\" data-export-id=\"contact-1\" data-category=\"contact\" class=\"contact-1 content-section content-section-spacing white-text\" data-parallax-depth=\"20\" id=\"contact-1\" style=\"background-color: rgb(255, 255, 255);\"><div  class=\"gridContainer\"> <div  class=\"row text-center\"><div  class=\"section-title-col\" data-type=\"column\"> <h2  class=\"\">Contact us<\/h2> <p  class=\"lead\">With the Internet spreading linke wildfire and reaching every part of our daily life, more and more traffic is directed to websites in search for information.<\/p><\/div> <\/div> <div  class=\"row text-center\"> <div  class=\"col-xs-12 col-sm-8 col-sm-offset-2 contact-form-wrapper inline-info\"> <div  class=\"card large-padding\"> <div  class=\"\" data-content-shortcode=\"mesmerize_contact_form shortcode=&quot;contact-form-7 id=&amp;amp;quot;67&amp;amp;quot; title=&amp;amp;quot;Formulaire de contact 1&amp;amp;quot;&quot;\" data-editable=\"true\"><div role=\"form\" class=\"wpcf7\" id=\"wpcf7-f67-o1\" lang=\"fr-FR\" dir=\"ltr\">\n<div class=\"screen-reader-response\"><p role=\"status\" aria-live=\"polite\" aria-atomic=\"true\"><\/p> <ul><\/ul><\/div>\n<form action=\"\/index.php\/wp-json\/wp\/v2\/pages\/12#wpcf7-f67-o1\" method=\"post\" class=\"wpcf7-form init\" novalidate=\"novalidate\" data-status=\"init\">\n<div style=\"display: none;\">\n<input type=\"hidden\" name=\"_wpcf7\" value=\"67\" \/>\n<input type=\"hidden\" name=\"_wpcf7_version\" value=\"5.5.6\" \/>\n<input type=\"hidden\" name=\"_wpcf7_locale\" value=\"fr_FR\" \/>\n<input type=\"hidden\" name=\"_wpcf7_unit_tag\" value=\"wpcf7-f67-o1\" \/>\n<input type=\"hidden\" name=\"_wpcf7_container_post\" value=\"0\" \/>\n<input type=\"hidden\" name=\"_wpcf7_posted_data_hash\" value=\"\" \/>\n<\/div>\n<p><label> Votre nom<br \/>\n    <span class=\"wpcf7-form-control-wrap your-name\"><input type=\"text\" name=\"your-name\" value=\"\" size=\"40\" class=\"wpcf7-form-control wpcf7-text wpcf7-validates-as-required\" aria-required=\"true\" aria-invalid=\"false\" \/><\/span> <\/label><\/p>\n<p><label> Votre e-mail<br \/>\n    <span class=\"wpcf7-form-control-wrap your-email\"><input type=\"email\" name=\"your-email\" value=\"\" size=\"40\" class=\"wpcf7-form-control wpcf7-text wpcf7-email wpcf7-validates-as-required wpcf7-validates-as-email\" aria-required=\"true\" aria-invalid=\"false\" \/><\/span> <\/label><\/p>\n<p><label> Objet<br \/>\n    <span class=\"wpcf7-form-control-wrap your-subject\"><input type=\"text\" name=\"your-subject\" value=\"\" size=\"40\" class=\"wpcf7-form-control wpcf7-text wpcf7-validates-as-required\" aria-required=\"true\" aria-invalid=\"false\" \/><\/span> <\/label><\/p>\n<p><label> Votre message (facultatif)<br \/>\n    <span class=\"wpcf7-form-control-wrap your-message\"><textarea name=\"your-message\" cols=\"40\" rows=\"10\" class=\"wpcf7-form-control wpcf7-textarea\" aria-invalid=\"false\"><\/textarea><\/span> <\/label><\/p>\n<p><input type=\"submit\" value=\"Envoyer\" class=\"wpcf7-form-control has-spinner wpcf7-submit\" \/><\/p>\n<div class=\"wpcf7-response-output\" aria-hidden=\"true\"><\/div><\/form><\/div><\/div><\/div> <\/div><\/div> <\/div><\/div>         ","protected":false},"excerpt":{"rendered":"<p>Bureau d\u2019\u00e9tudes R\u00e9alisation des \u00e9tudes \u00e9lectriques sur vos chantiers CVC&nbsp; : \u2013 R\u00e9daction des analyses fonctionnelles \u2013 Cr\u00e9ation des listes de points \u2013 Conception des sch\u00e9mas \u00e9lectriques \u2013 Pr\u00e9paration des consultations sous-traitants afin d\u2019encadrer la prestation et limiter les d\u00e9rives budg\u00e9taires \u2013 Pr\u00e9patation des dossiers de mise au point Suivi \/ R\u00e9alisation de Chantier R\u00e9alisation&hellip; <br \/> <a class=\"read-more\" href=\"https:\/\/db2s.fr\/\">Lire la suite<\/a><\/p>\n","protected":false},"author":1,"featured_media":0,"parent":0,"menu_order":0,"comment_status":"closed","ping_status":"closed","template":"page-templates\/homepage.php","meta":[],"_links":{"self":[{"href":"https:\/\/db2s.fr\/index.php\/wp-json\/wp\/v2\/pages\/12"}],"collection":[{"href":"https:\/\/db2s.fr\/index.php\/wp-json\/wp\/v2\/pages"}],"about":[{"href":"https:\/\/db2s.fr\/index.php\/wp-json\/wp\/v2\/types\/page"}],"author":[{"embeddable":true,"href":"https:\/\/db2s.fr\/index.php\/wp-json\/wp\/v2\/users\/1"}],"replies":[{"embeddable":true,"href":"https:\/\/db2s.fr\/index.php\/wp-json\/wp\/v2\/comments?post=12"}],"version-history":[{"count":24,"href":"https:\/\/db2s.fr\/index.php\/wp-json\/wp\/v2\/pages\/12\/revisions"}],"predecessor-version":[{"id":146,"href":"https:\/\/db2s.fr\/index.php\/wp-json\/wp\/v2\/pages\/12\/revisions\/146"}],"wp:attachment":[{"href":"https:\/\/db2s.fr\/index.php\/wp-json\/wp\/v2\/media?parent=12"}],"curies":[{"name":"wp","href":"https:\/\/api.w.org\/{rel}","templated":true}]}}